{"id":417,"date":"2020-07-14T12:27:00","date_gmt":"2020-07-14T09:27:00","guid":{"rendered":"https:\/\/pizzeriaelma.fi\/hem\/"},"modified":"2024-11-27T10:40:31","modified_gmt":"2024-11-27T08:40:31","slug":"hem","status":"publish","type":"page","link":"https:\/\/pizzeriaelma.fi\/sv\/","title":{"rendered":"Hem"},"content":{"rendered":"<p>[et_pb_section fb_built=&#8221;1&#8243; fullwidth=&#8221;on&#8221; _builder_version=&#8221;4.16&#8243; custom_margin=&#8221;0px||0px||false|false&#8221; custom_padding=&#8221;0px||0px||false|false&#8221; bottom_divider_color=&#8221;#ffffff&#8221; bottom_divider_height=&#8221;54px&#8221; global_colors_info=&#8221;{}&#8221;][et_pb_fullwidth_slider _builder_version=&#8221;4.16&#8243; min_height=&#8221;588px&#8221; custom_margin=&#8221;0px||||false|false&#8221; custom_padding=&#8221;||||false|false&#8221; auto=&#8221;on&#8221; auto_speed=&#8221;6000&#8243; global_colors_info=&#8221;{}&#8221;][et_pb_slide use_bg_overlay=&#8221;off&#8221; use_text_overlay=&#8221;off&#8221; admin_title=&#8221;Pizza&#8221; _builder_version=&#8221;4.16&#8243; background_image=&#8221;https:\/\/pizzeriaelma.fi\/wp-content\/uploads\/2020\/07\/Pizza_bg01.jpg&#8221; background_enable_image=&#8221;on&#8221; custom_padding=&#8221;3vw||||false|false&#8221; global_colors_info=&#8221;{}&#8221; sticky_transition=&#8221;on&#8221;][\/et_pb_slide][et_pb_slide use_bg_overlay=&#8221;off&#8221; use_text_overlay=&#8221;off&#8221; admin_title=&#8221;Kebab&#8221; _builder_version=&#8221;4.16&#8243; background_image=&#8221;https:\/\/pizzeriaelma.fi\/wp-content\/uploads\/2020\/07\/Kebab_bg1.jpg&#8221; background_enable_image=&#8221;on&#8221; custom_padding=&#8221;3vw||||false|false&#8221; global_colors_info=&#8221;{}&#8221; sticky_transition=&#8221;on&#8221;][\/et_pb_slide][et_pb_slide use_bg_overlay=&#8221;off&#8221; use_text_overlay=&#8221;off&#8221; admin_title=&#8221;Salad&#8221; _builder_version=&#8221;4.16&#8243; background_image=&#8221;https:\/\/pizzeriaelma.fi\/wp-content\/uploads\/2020\/07\/Salad_bg1.jpg&#8221; background_enable_image=&#8221;on&#8221; custom_padding=&#8221;3vw||||false|false&#8221; global_colors_info=&#8221;{}&#8221; sticky_transition=&#8221;on&#8221;][\/et_pb_slide][\/et_pb_fullwidth_slider][\/et_pb_section][et_pb_section fb_built=&#8221;1&#8243; admin_label=&#8221;section&#8221; _builder_version=&#8221;4.16&#8243; global_colors_info=&#8221;{}&#8221;][et_pb_row column_structure=&#8221;1_2,1_2&#8243; admin_label=&#8221;row&#8221; _builder_version=&#8221;4.16&#8243; background_size=&#8221;initial&#8221; background_position=&#8221;top_left&#8221; background_repeat=&#8221;repeat&#8221; global_colors_info=&#8221;{}&#8221;][et_pb_column type=&#8221;1_2&#8243; _builder_version=&#8221;4.16&#8243; custom_padding=&#8221;|||&#8221; global_colors_info=&#8221;{}&#8221; custom_padding__hover=&#8221;|||&#8221;][et_pb_text admin_label=&#8221;Text&#8221; _builder_version=&#8221;4.27.3&#8243; header_font=&#8221;Dancing Script||||||||&#8221; header_font_size=&#8221;43px&#8221; header_line_height=&#8221;1.3em&#8221; background_size=&#8221;initial&#8221; background_position=&#8221;top_left&#8221; background_repeat=&#8221;repeat&#8221; hover_enabled=&#8221;0&#8243; header_text_align_tablet=&#8221;&#8221; header_text_align_phone=&#8221;center&#8221; header_text_align_last_edited=&#8221;on|phone&#8221; global_colors_info=&#8221;{}&#8221; text_font_size=&#8221;16px&#8221; sticky_enabled=&#8221;0&#8243;]<\/p>\n<h1>V\u00e4lkommen till Pizzeria &amp; Kebab Elma!<\/h1>\n<p>Bredvid \u00e5n i Lappo centrum ligger\u00a0Pizzeria &amp; Kebab Elma\u00a0&#8211; en trivsam pizzeria f\u00f6r hela familjen.<\/p>\n<p>Elma har ett rikligt urval l\u00e4ckra pizzor, kebabportioner och sallader f\u00f6r alla smaker.\u00a0 V\u00e5ra pizzor och kebabportioner kan \u00e4ven f\u00e5s som glutenfria. F\u00f6r barnen finns egna portioner. F\u00f6rutom matdrycker serveras \u00e4ven \u00f6l, cider och l\u00e4skedrycker.<\/p>\n<p>[\/et_pb_text][\/et_pb_column][et_pb_column type=&#8221;1_2&#8243; _builder_version=&#8221;4.16&#8243; custom_padding=&#8221;|||&#8221; global_colors_info=&#8221;{}&#8221; custom_padding__hover=&#8221;|||&#8221;][et_pb_cta title=&#8221;Luncherbjudande! Pizzor och kebabportioner  11 \u20ac&#8221; _builder_version=&#8221;4.27.3&#8243; header_font_size=&#8221;31px&#8221; header_line_height=&#8221;1.2em&#8221; body_font_size=&#8221;17px&#8221; background_color=&#8221;#e40313&#8243; animation_style=&#8221;slide&#8221; animation_direction=&#8221;right&#8221; animation_delay=&#8221;150ms&#8221; hover_enabled=&#8221;0&#8243; border_radii=&#8221;on|15px|15px|15px|15px&#8221; global_colors_info=&#8221;{}&#8221; sticky_enabled=&#8221;0&#8243;]Inklusive dryck och sallad<\/p>\n<p>Obs! Dryck ing\u00e5r ej i take away.<\/p>\n<p>Lunch vardagar 10.30 &#8211; 14.00[\/et_pb_cta][\/et_pb_column][\/et_pb_row][\/et_pb_section][et_pb_section fb_built=&#8221;1&#8243; _builder_version=&#8221;4.16&#8243; custom_margin=&#8221;0px||0px||false|false&#8221; custom_padding=&#8221;0px||0px||false|false&#8221; global_colors_info=&#8221;{}&#8221;][et_pb_row column_structure=&#8221;1_3,1_3,1_3&#8243; use_custom_gutter=&#8221;on&#8221; gutter_width=&#8221;2&#8243; _builder_version=&#8221;4.16&#8243; custom_margin=&#8221;0px||0px||false|false&#8221; custom_padding=&#8221;0px||0px||false|false&#8221; global_colors_info=&#8221;{}&#8221;][et_pb_column type=&#8221;1_3&#8243; _builder_version=&#8221;4.16&#8243; global_colors_info=&#8221;{}&#8221;][et_pb_blurb title=&#8221;Pizza&#8221; _builder_version=&#8221;4.16&#8243; header_level=&#8221;h1&#8243; header_font=&#8221;Dancing Script||||||||&#8221; header_text_align=&#8221;center&#8221; header_text_color=&#8221;#ffffff&#8221; header_font_size=&#8221;60px&#8221; background_image=&#8221;https:\/\/pizzeriaelma.fi\/wp-content\/uploads\/2020\/07\/Pizza_bg01.jpg&#8221; parallax=&#8221;on&#8221; custom_padding=&#8221;100px||100px||false|false&#8221; link_option_url=&#8221;https:\/\/pizzeriaelma.fi\/sv\/meny\/#pizzat&#8221; header_text_shadow_style=&#8221;preset3&#8243; border_radii=&#8221;on|15px|15px|15px|15px&#8221; global_colors_info=&#8221;{}&#8221;][\/et_pb_blurb][\/et_pb_column][et_pb_column type=&#8221;1_3&#8243; _builder_version=&#8221;4.16&#8243; global_colors_info=&#8221;{}&#8221;][et_pb_blurb title=&#8221;Kebab&#8221; _builder_version=&#8221;4.16&#8243; header_level=&#8221;h1&#8243; header_font=&#8221;Dancing Script||||||||&#8221; header_text_align=&#8221;center&#8221; header_text_color=&#8221;#ffffff&#8221; header_font_size=&#8221;60px&#8221; background_image=&#8221;https:\/\/pizzeriaelma.fi\/wp-content\/uploads\/2020\/07\/Kebab_bg1.jpg&#8221; parallax=&#8221;on&#8221; custom_padding=&#8221;100px||100px||false|false&#8221; link_option_url=&#8221;https:\/\/pizzeriaelma.fi\/sv\/meny\/#kebabit&#8221; header_text_shadow_style=&#8221;preset3&#8243; border_radii=&#8221;on|15px|15px|15px|15px&#8221; global_colors_info=&#8221;{}&#8221;][\/et_pb_blurb][\/et_pb_column][et_pb_column type=&#8221;1_3&#8243; _builder_version=&#8221;4.16&#8243; global_colors_info=&#8221;{}&#8221;][et_pb_blurb title=&#8221;Sallad&#8221; _builder_version=&#8221;4.16&#8243; header_level=&#8221;h1&#8243; header_font=&#8221;Dancing Script||||||||&#8221; header_text_align=&#8221;center&#8221; header_text_color=&#8221;#ffffff&#8221; header_font_size=&#8221;60px&#8221; background_image=&#8221;https:\/\/pizzeriaelma.fi\/wp-content\/uploads\/2020\/07\/Salad_bg1.jpg&#8221; parallax=&#8221;on&#8221; custom_padding=&#8221;100px||100px||false|false&#8221; link_option_url=&#8221;https:\/\/pizzeriaelma.fi\/sv\/meny\/#salaatit&#8221; header_text_shadow_style=&#8221;preset3&#8243; border_radii=&#8221;on|15px|15px|15px|15px&#8221; global_colors_info=&#8221;{}&#8221;][\/et_pb_blurb][\/et_pb_column][\/et_pb_row][et_pb_row _builder_version=&#8221;4.16&#8243; _module_preset=&#8221;default&#8221; global_colors_info=&#8221;{}&#8221;][et_pb_column type=&#8221;4_4&#8243; _builder_version=&#8221;4.16&#8243; _module_preset=&#8221;default&#8221; global_colors_info=&#8221;{}&#8221;][et_pb_image src=&#8221;https:\/\/pizzeriaelma.fi\/wp-content\/uploads\/2020\/07\/Oivahymy.png&#8221; alt=&#8221;Oivahymy&#8221; title_text=&#8221;Oivahymy&#8221; url=&#8221;https:\/\/www.oivahymy.fi\/sv\/sok-foretag\/#text=pizzeria%20elma&#8221; url_new_window=&#8221;on&#8221; align=&#8221;right&#8221; _builder_version=&#8221;4.16&#8243; _module_preset=&#8221;default&#8221; width=&#8221;100%&#8221; max_width=&#8221;10%&#8221; max_width_tablet=&#8221;20%&#8221; max_width_phone=&#8221;30%&#8221; max_width_last_edited=&#8221;on|phone&#8221; custom_padding=&#8221;20px||||false|false&#8221; animation_style=&#8221;fade&#8221; animation_delay=&#8221;1000ms&#8221; global_colors_info=&#8221;{}&#8221;][\/et_pb_image][\/et_pb_column][\/et_pb_row][\/et_pb_section]<\/p>\n","protected":false},"excerpt":{"rendered":"<p>V\u00e4lkommen till Pizzeria &amp; Kebab Elma! Bredvid \u00e5n i Lappo centrum ligger\u00a0Pizzeria &amp; Kebab Elma\u00a0&#8211; en trivsam pizzeria f\u00f6r hela familjen. Elma har ett rikligt urval l\u00e4ckra pizzor, kebabportioner och sallader f\u00f6r alla smaker.\u00a0 V\u00e5ra pizzor och kebabportioner kan \u00e4ven f\u00e5s som glutenfria. F\u00f6r barnen finns egna portioner. F\u00f6rutom matdrycker serveras \u00e4ven \u00f6l, cider och [&hellip;]<\/p>\n","protected":false},"author":1,"featured_media":0,"parent":0,"menu_order":0,"comment_status":"closed","ping_status":"closed","template":"","meta":{"_et_pb_use_builder":"on","_et_pb_old_content":"","_et_gb_content_width":"","footnotes":""},"class_list":["post-417","page","type-page","status-publish","hentry"],"_links":{"self":[{"href":"https:\/\/pizzeriaelma.fi\/sv\/wp-json\/wp\/v2\/pages\/417","targetHints":{"allow":["GET"]}}],"collection":[{"href":"https:\/\/pizzeriaelma.fi\/sv\/wp-json\/wp\/v2\/pages"}],"about":[{"href":"https:\/\/pizzeriaelma.fi\/sv\/wp-json\/wp\/v2\/types\/page"}],"author":[{"embeddable":true,"href":"https:\/\/pizzeriaelma.fi\/sv\/wp-json\/wp\/v2\/users\/1"}],"replies":[{"embeddable":true,"href":"https:\/\/pizzeriaelma.fi\/sv\/wp-json\/wp\/v2\/comments?post=417"}],"version-history":[{"count":51,"href":"https:\/\/pizzeriaelma.fi\/sv\/wp-json\/wp\/v2\/pages\/417\/revisions"}],"predecessor-version":[{"id":1008,"href":"https:\/\/pizzeriaelma.fi\/sv\/wp-json\/wp\/v2\/pages\/417\/revisions\/1008"}],"wp:attachment":[{"href":"https:\/\/pizzeriaelma.fi\/sv\/wp-json\/wp\/v2\/media?parent=417"}],"curies":[{"name":"wp","href":"https:\/\/api.w.org\/{rel}","templated":true}]}}